{"id":404,"date":"2026-03-19T00:03:05","date_gmt":"2026-03-19T03:03:05","guid":{"rendered":"https:\/\/dlcengenharia.com\/?page_id=404"},"modified":"2026-03-19T01:04:12","modified_gmt":"2026-03-19T04:04:12","slug":"construcao-para-investidores","status":"publish","type":"page","link":"https:\/\/dlcengenharia.com\/?page_id=404","title":{"rendered":"Constru\u00e7\u00e3o para Investidores"},"content":{"rendered":"\t\t<div data-elementor-type=\"wp-page\" data-elementor-id=\"404\" class=\"elementor elementor-404\">\n\t\t\t\t<div class=\"elementor-element elementor-element-3f1acb1 e-grid e-con-boxed e-con e-parent\" data-id=\"3f1acb1\" data-element_type=\"container\" data-e-type=\"container\" data-settings=\"{&quot;background_background&quot;:&quot;classic&quot;}\">\n\t\t\t\t\t<div class=\"e-con-inner\">\n\t\t\t\t<div class=\"elementor-element elementor-element-44fc6b0 elementor-widget elementor-widget-heading\" data-id=\"44fc6b0\" data-element_type=\"widget\" data-e-type=\"widget\" data-widget_type=\"heading.default\">\n\t\t\t\t\t<h2 class=\"elementor-heading-title elementor-size-default\">Constru\u00e7\u00e3o para Investidores<\/h2>\t\t\t\t<\/div>\n\t\t<div class=\"elementor-element elementor-element-15c08a5 e-grid e-con-full e-con e-child\" data-id=\"15c08a5\" data-element_type=\"container\" data-e-type=\"container\">\n\t\t\t\t<div class=\"elementor-element elementor-element-4ca6aa0 elementor-widget elementor-widget-heading\" data-id=\"4ca6aa0\" data-element_type=\"widget\" data-e-type=\"widget\" data-widget_type=\"heading.default\">\n\t\t\t\t\t<h2 class=\"elementor-heading-title elementor-size-default\">Transformamos seu capital em patrim\u00f4nio rent\u00e1vel<\/h2>\t\t\t\t<\/div>\n\t\t\t\t<div class=\"elementor-element elementor-element-1a8ed81 elementor-widget-divider--view-line elementor-widget elementor-widget-divider\" data-id=\"1a8ed81\" data-element_type=\"widget\" data-e-type=\"widget\" data-widget_type=\"divider.default\">\n\t\t\t\t\t\t\t<div class=\"elementor-divider\">\n\t\t\t<span class=\"elementor-divider-separator\">\n\t\t\t\t\t\t<\/span>\n\t\t<\/div>\n\t\t\t\t\t\t<\/div>\n\t\t\t\t<\/div>\n\t\t\t\t\t<\/div>\n\t\t\t\t<\/div>\n\t\t<div class=\"elementor-element elementor-element-1574144 e-flex e-con-boxed e-con e-parent\" data-id=\"1574144\" data-element_type=\"container\" data-e-type=\"container\">\n\t\t\t\t\t<div class=\"e-con-inner\">\n\t\t\t\t<div class=\"elementor-element elementor-element-ef17709 elementor-widget elementor-widget-text-editor\" data-id=\"ef17709\" data-element_type=\"widget\" data-e-type=\"widget\" data-widget_type=\"text-editor.default\">\n\t\t\t\t\t\t\t\t\t<h2 data-section-id=\"1nfdgqy\" data-start=\"172\" data-end=\"201\">\u00a0<\/h2><h2 data-section-id=\"1nfdgqy\" data-start=\"172\" data-end=\"201\">Quer Construir Para Gerar Renda<\/h2><h5 data-start=\"203\" data-end=\"284\">Mas N\u00e3o Tem Estrutura Para Executar?<\/h5>\t\t\t\t\t\t\t\t<\/div>\n\t\t\t\t\t<\/div>\n\t\t\t\t<\/div>\n\t\t<div class=\"elementor-element elementor-element-d47faea e-flex e-con-boxed e-con e-parent\" data-id=\"d47faea\" data-element_type=\"container\" data-e-type=\"container\">\n\t\t\t\t\t<div class=\"e-con-inner\">\n\t\t\t\t<div class=\"elementor-element elementor-element-2573c84 elementor-widget elementor-widget-text-editor\" data-id=\"2573c84\" data-element_type=\"widget\" data-e-type=\"widget\" data-widget_type=\"text-editor.default\">\n\t\t\t\t\t\t\t\t\t<h3 data-section-id=\"ob17rr\" data-start=\"286\" data-end=\"330\">\u00a0<\/h3><p>Muitas pessoas desejam investir na constru\u00e7\u00e3o de casas para venda ou loca\u00e7\u00e3o, mas esbarram na falta de equipe, gest\u00e3o t\u00e9cnica e controle da obra.<\/p><p>Sem acompanhamento profissional, o risco aumenta, o or\u00e7amento sai do controle e o lucro diminui.<\/p><p>Construir para investir exige planejamento financeiro, controle de custos e execu\u00e7\u00e3o eficiente.<\/p><p>\u00c9 a\u00ed que entramos.<\/p>\t\t\t\t\t\t\t\t<\/div>\n\t\t\t\t\t<\/div>\n\t\t\t\t<\/div>\n\t\t<div class=\"elementor-element elementor-element-7040a8f e-flex e-con-boxed e-con e-parent\" data-id=\"7040a8f\" data-element_type=\"container\" data-e-type=\"container\">\n\t\t\t\t\t<div class=\"e-con-inner\">\n\t\t\t\t<div class=\"elementor-element elementor-element-7a9371a elementor-widget elementor-widget-text-editor\" data-id=\"7a9371a\" data-element_type=\"widget\" data-e-type=\"widget\" data-widget_type=\"text-editor.default\">\n\t\t\t\t\t\t\t\t\t<h2 data-section-id=\"1k5gpcz\" data-start=\"1130\" data-end=\"1153\">\u00a0<\/h2><h2 data-section-id=\"1k5gpcz\" data-start=\"1130\" data-end=\"1153\">A DL&amp;C Construtora<\/h2><p>Atua como parceira estrat\u00e9gica de investidores que desejam construir casas para venda ou gera\u00e7\u00e3o de renda.<\/p><p>Cuidamos da execu\u00e7\u00e3o da obra com organiza\u00e7\u00e3o, cronograma definido e controle t\u00e9cnico, garantindo qualidade construtiva e previsibilidade financeira.<\/p><p>Nosso compromisso \u00e9 transformar seu investimento em um ativo s\u00f3lido e valorizado.<\/p><h2 data-section-id=\"1l7me0i\" data-start=\"1517\" data-end=\"1565\">\u00a0<\/h2>\t\t\t\t\t\t\t\t<\/div>\n\t\t\t\t\t<\/div>\n\t\t\t\t<\/div>\n\t\t<div class=\"elementor-element elementor-element-82c7f57 e-flex e-con-boxed e-con e-parent\" data-id=\"82c7f57\" data-element_type=\"container\" data-e-type=\"container\">\n\t\t\t\t\t<div class=\"e-con-inner\">\n\t\t\t\t<div class=\"elementor-element elementor-element-9ba0312 elementor-widget elementor-widget-text-editor\" data-id=\"9ba0312\" data-element_type=\"widget\" data-e-type=\"widget\" data-widget_type=\"text-editor.default\">\n\t\t\t\t\t\t\t\t\t<h2>Como funciona a parceria:<\/h2><h3><br \/>\u2714 Planejamento da Obra<\/h3><p>An\u00e1lise de viabilidade<\/p><p>Defini\u00e7\u00e3o de padr\u00e3o construtivo<\/p><p>Estimativa de custos<\/p><p>Cronograma estruturado<\/p><h3>\u2714 Execu\u00e7\u00e3o Organizada<\/h3><p>Gest\u00e3o completa da obra<\/p><p>Controle de qualidade<\/p><p>Acompanhamento de prazos<\/p><p>Supervis\u00e3o t\u00e9cnica<\/p><h3>\u2714 Foco em Rentabilidade<\/h3><p>Otimiza\u00e7\u00e3o de custos<\/p><p>Padr\u00e3o construtivo adequado ao mercado<\/p><p>Valoriza\u00e7\u00e3o do im\u00f3vel<\/p><p>Entrega pronta para venda ou loca\u00e7\u00e3o<\/p><p>Ideal para quem:<\/p><p>Quer investir em constru\u00e7\u00e3o residencial<\/p><p>Deseja gerar renda com im\u00f3veis<\/p><p>N\u00e3o possui equipe pr\u00f3pria<\/p><p>Busca previsibilidade e seguran\u00e7a na execu\u00e7\u00e3o<\/p><p>Nosso diferencial<\/p><p>Gest\u00e3o profissional<\/p><p>Transpar\u00eancia nos custos<\/p><p>Controle t\u00e9cnico da obra<\/p><p>Compromisso com resultado<\/p>\t\t\t\t\t\t\t\t<\/div>\n\t\t\t\t\t<\/div>\n\t\t\t\t<\/div>\n\t\t<div class=\"elementor-element elementor-element-f84618b e-flex e-con-boxed e-con e-parent\" data-id=\"f84618b\" data-element_type=\"container\" data-e-type=\"container\">\n\t\t\t\t\t<div class=\"e-con-inner\">\n\t\t\t\t<div class=\"elementor-element elementor-element-b34fd6a elementor-widget elementor-widget-text-editor\" data-id=\"b34fd6a\" data-element_type=\"widget\" data-e-type=\"widget\" data-widget_type=\"text-editor.default\">\n\t\t\t\t\t\t\t\t\t<h2 data-section-id=\"lfilhq\" data-start=\"2047\" data-end=\"2068\">\u00a0<\/h2><h2 data-section-id=\"lfilhq\" data-start=\"2047\" data-end=\"2068\">Trabalhamos com:<\/h2><ul><li data-start=\"2071\" data-end=\"2115\">Tintas de alta qualidade e alto desempenho<\/li><li data-start=\"2118\" data-end=\"2146\">Equipamentos profissionais<\/li><li data-start=\"2149\" data-end=\"2193\">Equipe especializada em obras condominiais<\/li><li data-start=\"2196\" data-end=\"2236\">Prote\u00e7\u00e3o das \u00e1reas comuns e circula\u00e7\u00e3o<\/li><li data-start=\"2239\" data-end=\"2299\">Planejamento por etapas para reduzir impacto aos moradores<\/li><li data-start=\"2302\" data-end=\"2345\">Garantia de acabamento uniforme e dur\u00e1vel<\/li><\/ul>\t\t\t\t\t\t\t\t<\/div>\n\t\t\t\t\t<\/div>\n\t\t\t\t<\/div>\n\t\t<div class=\"elementor-element elementor-element-ccc0f9e e-flex e-con-boxed e-con e-parent\" data-id=\"ccc0f9e\" data-element_type=\"container\" data-e-type=\"container\" data-settings=\"{&quot;background_background&quot;:&quot;classic&quot;}\">\n\t\t\t\t\t<div class=\"e-con-inner\">\n\t\t<div class=\"elementor-element elementor-element-a80cdea e-con-full e-flex e-con e-child\" data-id=\"a80cdea\" data-element_type=\"container\" data-e-type=\"container\" data-settings=\"{&quot;background_background&quot;:&quot;classic&quot;}\">\n\t\t\t\t<div class=\"elementor-element elementor-element-a21a4c4 elementor-widget elementor-widget-text-editor\" data-id=\"a21a4c4\" data-element_type=\"widget\" data-e-type=\"widget\" data-widget_type=\"text-editor.default\">\n\t\t\t\t\t\t\t\t\t<div class=\"elementor-element elementor-element-48fe0715 elementor-widget elementor-widget-heading\" data-id=\"48fe0715\" data-element_type=\"widget\" data-widget_type=\"heading.default\"><div class=\"elementor-widget-container\"><h5 class=\"elementor-heading-title elementor-size-default\">Dlc Engenharia<\/h5><h5 class=\"elementor-heading-title elementor-size-default\">\u00a0<\/h5><\/div><\/div><div class=\"elementor-element elementor-element-4c768f0 elementor-widget elementor-widget-text-editor\" data-id=\"4c768f0\" data-element_type=\"widget\" data-widget_type=\"text-editor.default\"><div class=\"elementor-widget-container\"><p><strong>Ligue para n\u00f3s na Otto Pinturas<\/strong><br \/>27 98139-5080 ou se preferir <strong>preencha o nosso formul\u00e1rio.<\/strong><\/p><\/div><\/div><div class=\"elementor-element elementor-element-79e68c98 elementor-widget elementor-widget-text-editor\" data-id=\"79e68c98\" data-element_type=\"widget\" data-widget_type=\"text-editor.default\"><div class=\"elementor-widget-container\"><p>Depois da an\u00e1lise de suas necessidades,<br \/>voc\u00ea receber\u00e1 o or\u00e7amento em m\u00e3os ou por e-mail,<br \/>enviado pelo nosso representante.<\/p><\/div><\/div>\t\t\t\t\t\t\t\t<\/div>\n\t\t\t\t<\/div>\n\t\t<div class=\"elementor-element elementor-element-cdae1bf e-con-full e-flex e-con e-child\" data-id=\"cdae1bf\" data-element_type=\"container\" data-e-type=\"container\">\n\t\t\t\t<div class=\"elementor-element elementor-element-fbb2507 elementor-widget elementor-widget-shortcode\" data-id=\"fbb2507\" data-element_type=\"widget\" data-e-type=\"widget\" data-widget_type=\"shortcode.default\">\n\t\t\t\t\t\t\t<div class=\"elementor-shortcode\">\n<div class=\"wpcf7 no-js\" id=\"wpcf7-f367-o1\" lang=\"pt-BR\" dir=\"ltr\" data-wpcf7-id=\"367\">\n<div class=\"screen-reader-response\"><p role=\"status\" aria-live=\"polite\" aria-atomic=\"true\"><\/p> <ul><\/ul><\/div>\n<form action=\"\/index.php?rest_route=%2Fwp%2Fv2%2Fpages%2F404#wpcf7-f367-o1\" method=\"post\" class=\"wpcf7-form init\" aria-label=\"Formul\u00e1rios de contato\" novalidate=\"novalidate\" data-status=\"init\">\n<fieldset class=\"hidden-fields-container\"><input type=\"hidden\" name=\"_wpcf7\" value=\"367\" \/><input type=\"hidden\" name=\"_wpcf7_version\" value=\"6.1.5\" \/><input type=\"hidden\" name=\"_wpcf7_locale\" value=\"pt_BR\" \/><input type=\"hidden\" name=\"_wpcf7_unit_tag\" value=\"wpcf7-f367-o1\" \/><input type=\"hidden\" name=\"_wpcf7_container_post\" value=\"0\" \/><input type=\"hidden\" name=\"_wpcf7_posted_data_hash\" value=\"\" \/>\n<\/fieldset>\n<style>\ninput[type=submit] {\n width:100%\n}\n\ninput, form, p, label {\nwidth: 100%\n}\nlabel {\n margin: 10px 0\n}\n\n[type=button]:focus, [type=button]:hover, [type=submit]:focus, [type=submit]:hover, button:focus, button:hover {\n background-color: #3C3C34;\n color: #FFD988;\n text-decoration: none;\n}\n\n[type=button], [type=submit], button {\n background-color: transparent;\n border: 1px solid #3C3C34;\n border-radius: 3px;\n color: #3C3C34;\n display: inline-block;\n font-size: 1rem;\n font-weight: 600;\n padding: .5rem 1rem;\n text-align: center;\n transition: all .3s;\n -webkit-user-select: none;\n -moz-user-select: none;\n user-select: none;\n white-space: nowrap;\n border-radius: 50px;\n font-family: \"Montserrat\", Sans-serif;\n}\n\n[type=button],[type=submit], button {\n background-color: #3C3C34;\n color: #FFD988;\n}\n\ninput, text-area {\nmargin-bottom: 10px;\n}\n<\/style>\n<p><span class=\"wpcf7-form-control-wrap\" data-name=\"your-name\"><input size=\"40\" maxlength=\"400\" class=\"wpcf7-form-control wpcf7-text wpcf7-validates-as-required\" autocomplete=\"name\" aria-required=\"true\" aria-invalid=\"false\" placeholder=\"Seu Nome\" value=\"\" type=\"text\" name=\"your-name\" \/><\/span><br \/>\n<span class=\"wpcf7-form-control-wrap\" data-name=\"your-email\"><input size=\"40\" maxlength=\"400\" class=\"wpcf7-form-control wpcf7-email wpcf7-validates-as-required wpcf7-text wpcf7-validates-as-email\" autocomplete=\"email\" aria-required=\"true\" aria-invalid=\"false\" placeholder=\"E-mail\" value=\"\" type=\"email\" name=\"your-email\" \/><\/span><br \/>\n<span class=\"wpcf7-form-control-wrap\" data-name=\"your-message\"><textarea cols=\"40\" rows=\"10\" maxlength=\"2000\" class=\"wpcf7-form-control wpcf7-textarea\" aria-invalid=\"false\" placeholder=\"Sua mensagem\" name=\"your-message\"><\/textarea><\/span>\n<\/p>\n<p><input class=\"wpcf7-form-control wpcf7-submit has-spinner\" type=\"submit\" value=\"Enviar\" \/>\n<\/p><div class=\"wpcf7-response-output\" aria-hidden=\"true\"><\/div>\n<\/form>\n<\/div>\n<\/div>\n\t\t\t\t\t\t<\/div>\n\t\t\t\t<\/div>\n\t\t\t\t\t<\/div>\n\t\t\t\t<\/div>\n\t\t\t\t<\/div>\n\t\t","protected":false},"excerpt":{"rendered":"<p>Constru\u00e7\u00e3o para Investidores Transformamos seu capital em patrim\u00f4nio rent\u00e1vel \u00a0 Quer Construir Para Gerar Renda Mas N\u00e3o Tem Estrutura Para Executar? \u00a0 Muitas pessoas desejam investir na constru\u00e7\u00e3o de casas para venda ou loca\u00e7\u00e3o, mas esbarram na falta de equipe, gest\u00e3o t\u00e9cnica e controle da obra. Sem acompanhamento profissional, o risco aumenta, o or\u00e7amento sai [&hellip;]<\/p>\n","protected":false},"author":1,"featured_media":0,"parent":0,"menu_order":0,"comment_status":"closed","ping_status":"closed","template":"","meta":{"footnotes":""},"class_list":["post-404","page","type-page","status-publish","hentry"],"_hostinger_reach_plugin_has_subscription_block":false,"_hostinger_reach_plugin_is_elementor":false,"_links":{"self":[{"href":"https:\/\/dlcengenharia.com\/index.php?rest_route=\/wp\/v2\/pages\/404","targetHints":{"allow":["GET"]}}],"collection":[{"href":"https:\/\/dlcengenharia.com\/index.php?rest_route=\/wp\/v2\/pages"}],"about":[{"href":"https:\/\/dlcengenharia.com\/index.php?rest_route=\/wp\/v2\/types\/page"}],"author":[{"embeddable":true,"href":"https:\/\/dlcengenharia.com\/index.php?rest_route=\/wp\/v2\/users\/1"}],"replies":[{"embeddable":true,"href":"https:\/\/dlcengenharia.com\/index.php?rest_route=%2Fwp%2Fv2%2Fcomments&post=404"}],"version-history":[{"count":7,"href":"https:\/\/dlcengenharia.com\/index.php?rest_route=\/wp\/v2\/pages\/404\/revisions"}],"predecessor-version":[{"id":447,"href":"https:\/\/dlcengenharia.com\/index.php?rest_route=\/wp\/v2\/pages\/404\/revisions\/447"}],"wp:attachment":[{"href":"https:\/\/dlcengenharia.com\/index.php?rest_route=%2Fwp%2Fv2%2Fmedia&parent=404"}],"curies":[{"name":"wp","href":"https:\/\/api.w.org\/{rel}","templated":true}]}}